{"id":24,"date":"2025-10-28T20:01:43","date_gmt":"2025-10-28T20:01:43","guid":{"rendered":"https:\/\/wkc-ev.de\/index.php\/geschaeftsfuehrender-vorstand\/"},"modified":"2026-01-07T02:29:42","modified_gmt":"2026-01-07T02:29:42","slug":"geschaeftsfuehrender-vorstand","status":"publish","type":"page","link":"https:\/\/wkc-ev.de\/index.php\/geschaeftsfuehrender-vorstand\/","title":{"rendered":"Gesch\u00e4ftsf\u00fchrender Vorstand"},"content":{"rendered":"\t\t<div data-elementor-type=\"wp-page\" data-elementor-id=\"24\" class=\"elementor elementor-24\" data-elementor-post-type=\"page\">\n\t\t\t\t<div class=\"elementor-element elementor-element-6bd70f2 e-flex e-con-boxed e-con e-parent\" data-id=\"6bd70f2\" data-element_type=\"container\" data-e-type=\"container\">\n\t\t\t\t\t<div class=\"e-con-inner\">\n\t\t\t\t<div class=\"elementor-element elementor-element-413c5209 elementor-widget elementor-widget-heading\" data-id=\"413c5209\" data-element_type=\"widget\" data-e-type=\"widget\" data-widget_type=\"heading.default\">\n\t\t\t\t\t<h2 class=\"elementor-heading-title elementor-size-default\">Gesch\u00e4ftsf\u00fchrender Vorstand<\/h2>\t\t\t\t<\/div>\n\t\t\t\t\t<\/div>\n\t\t\t\t<\/div>\n\t\t<div class=\"elementor-element elementor-element-689d8735 e-grid e-con-boxed e-con e-parent\" data-id=\"689d8735\" data-element_type=\"container\" data-e-type=\"container\">\n\t\t\t\t\t<div class=\"e-con-inner\">\n\t\t<div class=\"elementor-element elementor-element-1fbaf830 e-con-full e-flex e-con e-child\" data-id=\"1fbaf830\" data-element_type=\"container\" data-e-type=\"container\">\n\t\t\t\t<div class=\"elementor-element elementor-element-23bc94ed elementor-widget elementor-widget-image\" data-id=\"23bc94ed\" data-element_type=\"widget\" data-e-type=\"widget\" data-widget_type=\"image.default\">\n\t\t\t\t\t\t\t\t\t\t\t\t\t\t\t<img decoding=\"async\" src=\"https:\/\/wkc-ev.de\/wp-content\/uploads\/2025\/10\/platzhalter-person.jpg\" title=\"platzhalter-person.jpg\" alt=\"platzhalter-person.jpg\" loading=\"lazy\" \/>\t\t\t\t\t\t\t\t\t\t\t\t\t\t\t<\/div>\n\t\t\t\t<div class=\"elementor-element elementor-element-b1d133f elementor-widget elementor-widget-text-editor\" data-id=\"b1d133f\" data-element_type=\"widget\" data-e-type=\"widget\" data-widget_type=\"text-editor.default\">\n\t\t\t\t\t\t\t\t\t<p>1. Vorsitzende<\/p>\t\t\t\t\t\t\t\t<\/div>\n\t\t\t\t<div class=\"elementor-element elementor-element-71b4ca4a elementor-widget elementor-widget-text-editor\" data-id=\"71b4ca4a\" data-element_type=\"widget\" data-e-type=\"widget\" data-widget_type=\"text-editor.default\">\n\t\t\t\t\t\t\t\t\t<p><strong>Yvonne Winnemuth<\/strong><\/p>\t\t\t\t\t\t\t\t<\/div>\n\t\t\t\t<\/div>\n\t\t<div class=\"elementor-element elementor-element-620ea7dd e-con-full e-flex e-con e-child\" data-id=\"620ea7dd\" data-element_type=\"container\" data-e-type=\"container\">\n\t\t\t\t<div class=\"elementor-element elementor-element-59618854 elementor-widget elementor-widget-image\" data-id=\"59618854\" data-element_type=\"widget\" data-e-type=\"widget\" data-widget_type=\"image.default\">\n\t\t\t\t\t\t\t\t\t\t\t\t\t\t\t<img decoding=\"async\" src=\"https:\/\/wkc-ev.de\/wp-content\/uploads\/2025\/10\/platzhalter-person.jpg\" title=\"platzhalter-person.jpg\" alt=\"platzhalter-person.jpg\" loading=\"lazy\" \/>\t\t\t\t\t\t\t\t\t\t\t\t\t\t\t<\/div>\n\t\t\t\t<div class=\"elementor-element elementor-element-49052286 elementor-widget elementor-widget-text-editor\" data-id=\"49052286\" data-element_type=\"widget\" data-e-type=\"widget\" data-widget_type=\"text-editor.default\">\n\t\t\t\t\t\t\t\t\t<p>2. Vorsitzender<\/p>\t\t\t\t\t\t\t\t<\/div>\n\t\t\t\t<div class=\"elementor-element elementor-element-36ca206a elementor-widget elementor-widget-text-editor\" data-id=\"36ca206a\" data-element_type=\"widget\" data-e-type=\"widget\" data-widget_type=\"text-editor.default\">\n\t\t\t\t\t\t\t\t\t<p><strong>Stefan Bierwirth<\/strong><\/p>\t\t\t\t\t\t\t\t<\/div>\n\t\t\t\t<\/div>\n\t\t\t\t\t<\/div>\n\t\t\t\t<\/div>\n\t\t<div class=\"elementor-element elementor-element-4dc5ac80 e-grid e-con-boxed e-con e-parent\" data-id=\"4dc5ac80\" data-element_type=\"container\" data-e-type=\"container\">\n\t\t\t\t\t<div class=\"e-con-inner\">\n\t\t<div class=\"elementor-element elementor-element-4b604147 e-con-full e-flex e-con e-child\" data-id=\"4b604147\" data-element_type=\"container\" data-e-type=\"container\">\n\t\t\t\t<div class=\"elementor-element elementor-element-1bae04b0 elementor-widget elementor-widget-image\" data-id=\"1bae04b0\" data-element_type=\"widget\" data-e-type=\"widget\" data-widget_type=\"image.default\">\n\t\t\t\t\t\t\t\t\t\t\t\t\t\t\t<img decoding=\"async\" src=\"https:\/\/wkc-ev.de\/wp-content\/uploads\/2025\/10\/platzhalter-person.jpg\" title=\"platzhalter-person.jpg\" alt=\"platzhalter-person.jpg\" loading=\"lazy\" \/>\t\t\t\t\t\t\t\t\t\t\t\t\t\t\t<\/div>\n\t\t\t\t<div class=\"elementor-element elementor-element-17d06e8e elementor-widget elementor-widget-text-editor\" data-id=\"17d06e8e\" data-element_type=\"widget\" data-e-type=\"widget\" data-widget_type=\"text-editor.default\">\n\t\t\t\t\t\t\t\t\t<p>Kassenw\u00e4rtin<\/p>\t\t\t\t\t\t\t\t<\/div>\n\t\t\t\t<div class=\"elementor-element elementor-element-31168c4f elementor-widget elementor-widget-text-editor\" data-id=\"31168c4f\" data-element_type=\"widget\" data-e-type=\"widget\" data-widget_type=\"text-editor.default\">\n\t\t\t\t\t\t\t\t\t<p><strong>Birgit Hamel<\/strong><\/p>\t\t\t\t\t\t\t\t<\/div>\n\t\t\t\t<\/div>\n\t\t<div class=\"elementor-element elementor-element-22eca65f e-con-full e-flex e-con e-child\" data-id=\"22eca65f\" data-element_type=\"container\" data-e-type=\"container\">\n\t\t\t\t<div class=\"elementor-element elementor-element-22d7f9b2 elementor-widget elementor-widget-image\" data-id=\"22d7f9b2\" data-element_type=\"widget\" data-e-type=\"widget\" data-widget_type=\"image.default\">\n\t\t\t\t\t\t\t\t\t\t\t\t\t\t\t<img decoding=\"async\" src=\"https:\/\/wkc-ev.de\/wp-content\/uploads\/2025\/10\/platzhalter-person.jpg\" title=\"platzhalter-person.jpg\" alt=\"platzhalter-person.jpg\" loading=\"lazy\" \/>\t\t\t\t\t\t\t\t\t\t\t\t\t\t\t<\/div>\n\t\t\t\t<div class=\"elementor-element elementor-element-5b91de9f elementor-widget elementor-widget-text-editor\" data-id=\"5b91de9f\" data-element_type=\"widget\" data-e-type=\"widget\" data-widget_type=\"text-editor.default\">\n\t\t\t\t\t\t\t\t\t<p>Schriftf\u00fchrerin<\/p>\t\t\t\t\t\t\t\t<\/div>\n\t\t\t\t<div class=\"elementor-element elementor-element-246de151 elementor-widget elementor-widget-text-editor\" data-id=\"246de151\" data-element_type=\"widget\" data-e-type=\"widget\" data-widget_type=\"text-editor.default\">\n\t\t\t\t\t\t\t\t\t<p><strong>Theresa Grote<\/strong><\/p>\t\t\t\t\t\t\t\t<\/div>\n\t\t\t\t<\/div>\n\t\t<div class=\"elementor-element elementor-element-3a3ea3a1 e-con-full e-flex e-con e-child\" data-id=\"3a3ea3a1\" data-element_type=\"container\" data-e-type=\"container\">\n\t\t\t\t<div class=\"elementor-element elementor-element-52342512 elementor-widget elementor-widget-image\" data-id=\"52342512\" data-element_type=\"widget\" data-e-type=\"widget\" data-widget_type=\"image.default\">\n\t\t\t\t\t\t\t\t\t\t\t\t\t\t\t<img decoding=\"async\" src=\"https:\/\/wkc-ev.de\/wp-content\/uploads\/2025\/10\/platzhalter-person.jpg\" title=\"platzhalter-person.jpg\" alt=\"platzhalter-person.jpg\" loading=\"lazy\" \/>\t\t\t\t\t\t\t\t\t\t\t\t\t\t\t<\/div>\n\t\t\t\t<div class=\"elementor-element elementor-element-6a17b3b7 elementor-widget elementor-widget-text-editor\" data-id=\"6a17b3b7\" data-element_type=\"widget\" data-e-type=\"widget\" data-widget_type=\"text-editor.default\">\n\t\t\t\t\t\t\t\t\t<p>Hauptmann<\/p>\t\t\t\t\t\t\t\t<\/div>\n\t\t\t\t<div class=\"elementor-element elementor-element-1996939c elementor-widget elementor-widget-text-editor\" data-id=\"1996939c\" data-element_type=\"widget\" data-e-type=\"widget\" data-widget_type=\"text-editor.default\">\n\t\t\t\t\t\t\t\t\t<p><strong>Mika Ehrhardt<\/strong><\/p>\t\t\t\t\t\t\t\t<\/div>\n\t\t\t\t<\/div>\n\t\t\t\t\t<\/div>\n\t\t\t\t<\/div>\n\t\t\t\t<\/div>\n\t\t","protected":false},"excerpt":{"rendered":"<p>Gesch\u00e4ftsf\u00fchrender Vorstand 1. Vorsitzende Yvonne Winnemuth 2. Vorsitzender Stefan Bierwirth Kassenw\u00e4rtin Birgit Hamel Schriftf\u00fchrerin Theresa Grote Hauptmann Mika Ehrhardt<\/p>\n","protected":false},"author":1,"featured_media":0,"parent":0,"menu_order":0,"comment_status":"closed","ping_status":"closed","template":"","meta":{"_acf_changed":false,"footnotes":""},"class_list":["post-24","page","type-page","status-publish","hentry"],"acf":[],"jetpack_sharing_enabled":true,"_links":{"self":[{"href":"https:\/\/wkc-ev.de\/index.php\/wp-json\/wp\/v2\/pages\/24","targetHints":{"allow":["GET"]}}],"collection":[{"href":"https:\/\/wkc-ev.de\/index.php\/wp-json\/wp\/v2\/pages"}],"about":[{"href":"https:\/\/wkc-ev.de\/index.php\/wp-json\/wp\/v2\/types\/page"}],"author":[{"embeddable":true,"href":"https:\/\/wkc-ev.de\/index.php\/wp-json\/wp\/v2\/users\/1"}],"replies":[{"embeddable":true,"href":"https:\/\/wkc-ev.de\/index.php\/wp-json\/wp\/v2\/comments?post=24"}],"version-history":[{"count":7,"href":"https:\/\/wkc-ev.de\/index.php\/wp-json\/wp\/v2\/pages\/24\/revisions"}],"predecessor-version":[{"id":567,"href":"https:\/\/wkc-ev.de\/index.php\/wp-json\/wp\/v2\/pages\/24\/revisions\/567"}],"wp:attachment":[{"href":"https:\/\/wkc-ev.de\/index.php\/wp-json\/wp\/v2\/media?parent=24"}],"curies":[{"name":"wp","href":"https:\/\/api.w.org\/{rel}","templated":true}]}}