{"id":28,"date":"2025-10-28T20:01:43","date_gmt":"2025-10-28T20:01:43","guid":{"rendered":"https:\/\/wkc-ev.de\/index.php\/startseite\/"},"modified":"2026-01-07T01:08:44","modified_gmt":"2026-01-07T01:08:44","slug":"startseite","status":"publish","type":"page","link":"https:\/\/wkc-ev.de\/","title":{"rendered":"Startseite"},"content":{"rendered":"\t\t<div data-elementor-type=\"wp-page\" data-elementor-id=\"28\" class=\"elementor elementor-28\" data-elementor-post-type=\"page\">\n\t\t\t\t<div class=\"elementor-element elementor-element-5dcca6ce e-con-full elementor-hidden-mobile e-flex e-con e-parent\" data-id=\"5dcca6ce\" data-element_type=\"container\" data-e-type=\"container\" data-settings=\"{&quot;background_background&quot;:&quot;classic&quot;}\">\n\t\t\t\t<\/div>\n\t\t<div class=\"elementor-element elementor-element-6d5b57f e-flex e-con-boxed e-con e-parent\" data-id=\"6d5b57f\" data-element_type=\"container\" data-e-type=\"container\">\n\t\t\t\t\t<div class=\"e-con-inner\">\n\t\t<div class=\"elementor-element elementor-element-060cffb e-con-full e-flex e-con e-child\" data-id=\"060cffb\" data-element_type=\"container\" data-e-type=\"container\">\n\t\t\t\t<div class=\"elementor-element elementor-element-08ee95c e-transform elementor-widget elementor-widget-image\" data-id=\"08ee95c\" data-element_type=\"widget\" data-e-type=\"widget\" data-settings=\"{&quot;_transform_rotateZ_effect&quot;:{&quot;unit&quot;:&quot;px&quot;,&quot;size&quot;:-6,&quot;sizes&quot;:[]},&quot;_transform_rotateZ_effect_tablet&quot;:{&quot;unit&quot;:&quot;deg&quot;,&quot;size&quot;:&quot;&quot;,&quot;sizes&quot;:[]},&quot;_transform_rotateZ_effect_mobile&quot;:{&quot;unit&quot;:&quot;deg&quot;,&quot;size&quot;:&quot;&quot;,&quot;sizes&quot;:[]}}\" data-widget_type=\"image.default\">\n\t\t\t\t\t\t\t\t\t\t\t\t\t\t\t<img fetchpriority=\"high\" decoding=\"async\" width=\"1444\" height=\"2048\" src=\"https:\/\/wkc-ev.de\/wp-content\/uploads\/2026\/01\/cover-1444x2048.jpg\" class=\"attachment-2048x2048 size-2048x2048 wp-image-458\" alt=\"\" srcset=\"https:\/\/wkc-ev.de\/wp-content\/uploads\/2026\/01\/cover-1444x2048.jpg 1444w, https:\/\/wkc-ev.de\/wp-content\/uploads\/2026\/01\/cover-211x300.jpg 211w, https:\/\/wkc-ev.de\/wp-content\/uploads\/2026\/01\/cover-722x1024.jpg 722w, https:\/\/wkc-ev.de\/wp-content\/uploads\/2026\/01\/cover-768x1090.jpg 768w, https:\/\/wkc-ev.de\/wp-content\/uploads\/2026\/01\/cover-1083x1536.jpg 1083w, https:\/\/wkc-ev.de\/wp-content\/uploads\/2026\/01\/elementor\/thumbs\/cover-rha57mdpc49oj9tznus2y6huttuo0mubuhx8xmdkpm.jpg 210w, https:\/\/wkc-ev.de\/wp-content\/uploads\/2026\/01\/cover.jpg 1748w\" sizes=\"(max-width: 1444px) 100vw, 1444px\" \/>\t\t\t\t\t\t\t\t\t\t\t\t\t\t\t<\/div>\n\t\t\t\t<\/div>\n\t\t<div class=\"elementor-element elementor-element-b468e40 e-con-full e-flex e-con e-child\" data-id=\"b468e40\" data-element_type=\"container\" data-e-type=\"container\">\n\t\t\t\t<div class=\"elementor-element elementor-element-0f6f7db elementor-widget elementor-widget-heading\" data-id=\"0f6f7db\" data-element_type=\"widget\" data-e-type=\"widget\" data-widget_type=\"heading.default\">\n\t\t\t\t\t<h2 class=\"elementor-heading-title elementor-size-default\">Festzeitschrift 2026<\/h2>\t\t\t\t<\/div>\n\t\t\t\t<div class=\"elementor-element elementor-element-64debc2 elementor-widget__width-initial elementor-widget elementor-widget-text-editor\" data-id=\"64debc2\" data-element_type=\"widget\" data-e-type=\"widget\" data-widget_type=\"text-editor.default\">\n\t\t\t\t\t\t\t\t\t<p>Alles zum gro\u00dfen Fest 2026: Entdecken Sie das Programm und unsere Garden. Blicken Sie mit uns zur\u00fcck auf das ereignisreiche Vereinsjahr 2025 voller Tradition und Gemeinschaft. <br \/>Wer f\u00fchrt uns das kommende Sch\u00fctzenfest 2026 an? Wir stellen Ihnen die Personen des aktuellen Sch\u00fctzenvorstands ausf\u00fchrlich vor.<\/p>\t\t\t\t\t\t\t\t<\/div>\n\t\t\t\t<div class=\"elementor-element elementor-element-64b640b elementor-widget elementor-widget-button\" data-id=\"64b640b\" data-element_type=\"widget\" data-e-type=\"widget\" data-widget_type=\"button.default\">\n\t\t\t\t\t\t\t\t\t\t<a class=\"elementor-button elementor-button-link elementor-size-sm\" href=\"https:\/\/wkc-ev.de\/index.php\/festzeitschrift\/\">\n\t\t\t\t\t\t<span class=\"elementor-button-content-wrapper\">\n\t\t\t\t\t\t\t\t\t<span class=\"elementor-button-text\">Jetzt Durchbl\u00e4ttern<\/span>\n\t\t\t\t\t<\/span>\n\t\t\t\t\t<\/a>\n\t\t\t\t\t\t\t\t<\/div>\n\t\t\t\t<\/div>\n\t\t\t\t\t<\/div>\n\t\t\t\t<\/div>\n\t\t<div class=\"elementor-element elementor-element-df777b5 e-flex e-con-boxed e-con e-parent\" data-id=\"df777b5\" data-element_type=\"container\" data-e-type=\"container\">\n\t\t\t\t\t<div class=\"e-con-inner\">\n\t\t<div class=\"elementor-element elementor-element-bf0a294 e-con-full e-flex e-con e-child\" data-id=\"bf0a294\" data-element_type=\"container\" data-e-type=\"container\">\n\t\t\t\t<div class=\"elementor-element elementor-element-c770594 e-transform elementor-widget elementor-widget-image\" data-id=\"c770594\" data-element_type=\"widget\" data-e-type=\"widget\" data-settings=\"{&quot;_transform_rotateZ_effect&quot;:{&quot;unit&quot;:&quot;px&quot;,&quot;size&quot;:13,&quot;sizes&quot;:[]},&quot;_transform_rotateZ_effect_tablet&quot;:{&quot;unit&quot;:&quot;deg&quot;,&quot;size&quot;:&quot;&quot;,&quot;sizes&quot;:[]},&quot;_transform_rotateZ_effect_mobile&quot;:{&quot;unit&quot;:&quot;deg&quot;,&quot;size&quot;:&quot;&quot;,&quot;sizes&quot;:[]}}\" data-widget_type=\"image.default\">\n\t\t\t\t\t\t\t\t\t\t\t\t\t\t\t<img decoding=\"async\" width=\"300\" height=\"300\" src=\"https:\/\/wkc-ev.de\/wp-content\/uploads\/2025\/10\/WKC-Narrenkappe@3840x-8_1-1-300x300.png\" class=\"attachment-medium size-medium wp-image-30\" alt=\"\" srcset=\"https:\/\/wkc-ev.de\/wp-content\/uploads\/2025\/10\/WKC-Narrenkappe@3840x-8_1-1-300x300.png 300w, https:\/\/wkc-ev.de\/wp-content\/uploads\/2025\/10\/WKC-Narrenkappe@3840x-8_1-1-150x150.png 150w, https:\/\/wkc-ev.de\/wp-content\/uploads\/2025\/10\/WKC-Narrenkappe@3840x-8_1-1.png 512w\" sizes=\"(max-width: 300px) 100vw, 300px\" \/>\t\t\t\t\t\t\t\t\t\t\t\t\t\t\t<\/div>\n\t\t<div class=\"elementor-element elementor-element-18d75b3 e-con-full e-flex e-con e-child\" data-id=\"18d75b3\" data-element_type=\"container\" data-e-type=\"container\" data-settings=\"{&quot;background_background&quot;:&quot;classic&quot;}\">\n\t\t\t\t<div class=\"elementor-element elementor-element-fb6d887 elementor-widget elementor-widget-heading\" data-id=\"fb6d887\" data-element_type=\"widget\" data-e-type=\"widget\" data-widget_type=\"heading.default\">\n\t\t\t\t\t<h2 class=\"elementor-heading-title elementor-size-default\">WIR \u00dcber UNS<\/h2>\t\t\t\t<\/div>\n\t\t\t\t<div class=\"elementor-element elementor-element-50469f6 elementor-widget__width-initial elementor-widget elementor-widget-text-editor\" data-id=\"50469f6\" data-element_type=\"widget\" data-e-type=\"widget\" data-widget_type=\"text-editor.default\">\n\t\t\t\t\t\t\t\t\t<p><strong>Wulftener Karneval Club e. V.<\/strong><\/p><p>Schon in den F\u00fcnfziger, Sechziger und Siebziger Jahren wurde in Wulften Karneval gefeiert.<\/p><p>Den Grundstein f\u00fcr den Verein legte jedoch der Junggesellenvorstand 1992. Er arbeitete eine Satzung aus. Der damalige Vorstand bestand aus Prinz Thorsten Ehrhardt, Hauptmann Oliver M\u00f6nnich, Kassenwart Christian Heise, Schriftf\u00fchrer Dietmar Ehrhardt, Pressewart Hartmut Brandt, 1. F\u00e4hnrich Michael Stahn, 2. F\u00e4hnrich J\u00f6rg Armbrecht, 1. Kassenpr\u00fcfer Stefan Ehrhardt, 2. Kassenpr\u00fcfer Markus Lakemann und Kutscher Edgar Brandt. Diese\u00a0 10 Junggesellen sind als die eigentlichen Gr\u00fcnder des Wulftener Karneval Club anzusehen&#8230;&#8230;&#8230;&#8230;<\/p>\t\t\t\t\t\t\t\t<\/div>\n\t\t\t\t<div class=\"elementor-element elementor-element-1b34063 elementor-widget elementor-widget-button\" data-id=\"1b34063\" data-element_type=\"widget\" data-e-type=\"widget\" data-widget_type=\"button.default\">\n\t\t\t\t\t\t\t\t\t\t<a class=\"elementor-button elementor-button-link elementor-size-sm\" href=\"https:\/\/wkc-ev.de\/index.php\/geschichte\/\">\n\t\t\t\t\t\t<span class=\"elementor-button-content-wrapper\">\n\t\t\t\t\t\t\t\t\t<span class=\"elementor-button-text\">Mehr lesen<\/span>\n\t\t\t\t\t<\/span>\n\t\t\t\t\t<\/a>\n\t\t\t\t\t\t\t\t<\/div>\n\t\t\t\t<\/div>\n\t\t\t\t<\/div>\n\t\t\t\t\t<\/div>\n\t\t\t\t<\/div>\n\t\t\t\t<\/div>\n\t\t","protected":false},"excerpt":{"rendered":"<p>Festzeitschrift 2026 Alles zum gro\u00dfen Fest 2026: Entdecken Sie das Programm und unsere Garden. Blicken Sie mit uns zur\u00fcck auf das ereignisreiche Vereinsjahr 2025 voller Tradition und Gemeinschaft. Wer f\u00fchrt [&hellip;]<\/p>\n","protected":false},"author":1,"featured_media":0,"parent":0,"menu_order":0,"comment_status":"closed","ping_status":"closed","template":"","meta":{"_acf_changed":false,"footnotes":""},"class_list":["post-28","page","type-page","status-publish","hentry"],"acf":[],"jetpack_sharing_enabled":true,"_links":{"self":[{"href":"https:\/\/wkc-ev.de\/index.php\/wp-json\/wp\/v2\/pages\/28","targetHints":{"allow":["GET"]}}],"collection":[{"href":"https:\/\/wkc-ev.de\/index.php\/wp-json\/wp\/v2\/pages"}],"about":[{"href":"https:\/\/wkc-ev.de\/index.php\/wp-json\/wp\/v2\/types\/page"}],"author":[{"embeddable":true,"href":"https:\/\/wkc-ev.de\/index.php\/wp-json\/wp\/v2\/users\/1"}],"replies":[{"embeddable":true,"href":"https:\/\/wkc-ev.de\/index.php\/wp-json\/wp\/v2\/comments?post=28"}],"version-history":[{"count":46,"href":"https:\/\/wkc-ev.de\/index.php\/wp-json\/wp\/v2\/pages\/28\/revisions"}],"predecessor-version":[{"id":478,"href":"https:\/\/wkc-ev.de\/index.php\/wp-json\/wp\/v2\/pages\/28\/revisions\/478"}],"wp:attachment":[{"href":"https:\/\/wkc-ev.de\/index.php\/wp-json\/wp\/v2\/media?parent=28"}],"curies":[{"name":"wp","href":"https:\/\/api.w.org\/{rel}","templated":true}]}}